{"id":83168,"date":"2014-12-11T17:50:51","date_gmt":"2014-12-11T16:50:51","guid":{"rendered":"https:\/\/www.leslundisdhortense.be\/a-propos\/"},"modified":"2026-02-23T19:11:06","modified_gmt":"2026-02-23T18:11:06","slug":"about-us","status":"publish","type":"page","link":"https:\/\/www.leslundisdhortense.be\/en\/about-us\/","title":{"rendered":"About us"},"content":{"rendered":"<div class=\"wpb-content-wrapper\"><p>[vc_row row_height_percent=&#8221;0&#8243; override_padding=&#8221;yes&#8221; h_padding=&#8221;2&#8243; top_padding=&#8221;5&#8243; bottom_padding=&#8221;5&#8243; overlay_alpha=&#8221;100&#8243; gutter_size=&#8221;100&#8243; shift_y=&#8221;0&#8243; style=&#8221;inherited&#8221;][vc_column column_width_use_pixel=&#8221;yes&#8221; align_horizontal=&#8221;align_center&#8221; gutter_size=&#8221;4&#8243; overlay_alpha=&#8221;100&#8243; shift_x=&#8221;0&#8243; shift_y=&#8221;0&#8243; shift_y_down=&#8221;0&#8243; z_index=&#8221;0&#8243; medium_width=&#8221;0&#8243; mobile_width=&#8221;0&#8243; zoom_width=&#8221;0&#8243; zoom_height=&#8221;0&#8243; width=&#8221;1\/1&#8243;][vc_tabs][vc_tab no_margin=&#8221;yes&#8221; title=&#8221;About us&#8221; tab_id=&#8221;1434114947-1-82&#8243;][vc_column_text text_lead=&#8221;yes&#8221;]<\/p>\n<h1>An association working to promote and disseminate Belgian jazz.<\/h1>\n<p>We are recognized in Belgium as one of the main interlocutors of the public authorities. The association receives financial support from the Ministry of Culture of the French-speaking Community of Belgium. For those wondering where the association\u2019s quirky name originated, know, for the record, that it comes from the fact that the founders of the association held their meetings on Mondays in a villa on the outskirts of Brussels that went by the pretty name of \u2018Villa Hortense\u2019.[\/vc_column_text][\/vc_tab][vc_tab no_margin=&#8221;yes&#8221; title=&#8221;Vision&#8221; tab_id=&#8221;1434114947-2-86&#8243;][vc_column_text text_lead=&#8221;yes&#8221;]<\/p>\n<h1>An association run by jazz musicians and fans to defend and share a unique approach to music<\/h1>\n<p>Les Lundis d\u2019Hortense defends an honest and democratic approach of great importance to transmission and education, and ensures that the rights of musicians are respected and defended by acting in an exemplary manner and by calling on the media and the authorities when necessary.[\/vc_column_text][\/vc_tab][vc_tab no_margin=&#8221;yes&#8221; title=&#8221;Missions&#8221; tab_id=&#8221;1559000594674-3-1&#8243;][vc_column_text text_lead=&#8221;yes&#8221;]<\/p>\n<h1>Our missions are structured around three main axes: promotion, dissemination and training.<\/h1>\n<p>Ever since the prehistory of jazz, Belgium has been a thriving hub for musicians. Many of them settled here, and in doing so they wrote a history of Belgian jazz that bears comparison with cities such as Paris and London. Les Lundis d\u2019Hortense is proud to present local musicians and aims to introduce an increasingly eclectic audience to the richness and talent of jazz men and women from Wallonia, Flanders and Brussels. The dissemination of this cosmopolitan music that combines a festive spirit, a sense of liberty, and great technical and theoretical mastery, also involves bringing it to different generations of jazz aficionados, whether through the Jazz au Vert summer camp or the various activities for young people organized throughout the year.[\/vc_column_text][\/vc_tab][vc_tab no_margin=&#8221;yes&#8221; title=&#8221;Board of Directors&#8221; tab_id=&#8221;1434115238057-2-1&#8243;][vc_column_text text_lead=&#8221;yes&#8221; uncode_shortcode_id=&#8221;725743&#8243;]<\/p>\n<h1>Our Board of Directors meets on a monthly basis to decide on activities and monitor their development.<\/h1>\n<p><strong>Members of the Board of Directors<\/strong><\/p>\n<p>Eve Beuvens, Tom Bourgeois, Ga\u00ebtan Casteels, Dimitri Delvaux, Pierre de Surg\u00e8res, Alexandra Gadzina, Peter Hertmans, Lara Humbert, Sarah Klenes, Th\u00e9o Lanau, Pauline Leblond, Jean-Louis Rassinfosse, Christine Rygaert, Pierre-Antoine Savoyat, Gr\u00e9goire Tirtiaux, Jean-Jacques Vandenbroucke, Michel Vrydag, Alexandre Wajnberg<\/p>\n<p>75 per cent of the board is made up of professional jazz men and women. All are volunteers. In addition to the monthly meetings, they participate in various reflection and action groups in order to steer the activities decided on by the entire board and, twice a year they listen to 130 groups applying for the various concert activities, blindly and by voting anonymously, with a ban on voting for the groups in which they participate.[\/vc_column_text][\/vc_tab][vc_tab no_margin=&#8221;yes&#8221; title=&#8221;Partners&#8221; tab_id=&#8221;1559001054259-4-8&#8243;][vc_column_text text_lead=&#8221;yes&#8221;]<\/p>\n<h1>Thank you to our partners who support us in our missions and actions to promote Belgian jazz.<\/h1>\n<p>Les Lundis d\u2019Hortense benefits from a \u2018contrat-programme\u2019 with the Wallonia-Brussels Federation.<\/p>\n<p>The Jazz Tour is supported by the Art et Vie tours.<br \/>\nThe venues host concerts and other activities of the association throughout Brussels and Wallonia.[\/vc_column_text][\/vc_tab][\/vc_tabs][\/vc_column][\/vc_row][vc_row row_height_percent=&#8221;0&#8243; override_padding=&#8221;yes&#8221; h_padding=&#8221;2&#8243; top_padding=&#8221;5&#8243; bottom_padding=&#8221;5&#8243; back_color=&#8221;rouge-ldh&#8221; back_image=&#8221;80096&#8243; back_position=&#8221;center center&#8221; parallax=&#8221;yes&#8221; overlay_color=&#8221;rouge-ldh&#8221; overlay_alpha=&#8221;90&#8243; gutter_size=&#8221;100&#8243; column_width_percent=&#8221;100&#8243; shift_y=&#8221;0&#8243; z_index=&#8221;0&#8243; style=&#8221;inherited&#8221;][vc_column column_width_percent=&#8221;100&#8243; position_horizontal=&#8221;left&#8221; align_horizontal=&#8221;align_center&#8221; gutter_size=&#8221;4&#8243; overlay_alpha=&#8221;100&#8243; shift_x=&#8221;0&#8243; shift_y=&#8221;0&#8243; z_index=&#8221;0&#8243; medium_width=&#8221;0&#8243; mobile_width=&#8221;0&#8243; zoom_width=&#8221;0&#8243; zoom_height=&#8221;0&#8243; width=&#8221;1\/1&#8243;][vc_row_inner row_inner_height_percent=&#8221;0&#8243; overlay_alpha=&#8221;100&#8243; gutter_size=&#8221;4&#8243; shift_y=&#8221;0&#8243;][vc_column_inner column_width_percent=&#8221;100&#8243; align_horizontal=&#8221;align_center&#8221; gutter_size=&#8221;3&#8243; style=&#8221;dark&#8221; overlay_alpha=&#8221;100&#8243; shift_x=&#8221;0&#8243; shift_y=&#8221;0&#8243; shift_y_down=&#8221;0&#8243; z_index=&#8221;0&#8243; medium_width=&#8221;3&#8243; mobile_width=&#8221;0&#8243; zoom_width=&#8221;0&#8243; zoom_height=&#8221;0&#8243; width=&#8221;1\/3&#8243;][vc_icon icon=&#8221;fa fa-rocket2&#8243; icon_color=&#8221;color-xsdn&#8221; size=&#8221;fa-3x&#8221; text_font=&#8221;font-762333&#8243; text_size=&#8221;h4&#8243; text_space=&#8221;fontspace-111509&#8243; text_reduced=&#8221;yes&#8221; align=&#8221;left&#8221; title=&#8221;PROMOTION&#8221;]We present jazz musicians by organizing concerts and we release various publications related to the Belgian jazz scene for the general public.[\/vc_icon][\/vc_column_inner][vc_column_inner column_width_percent=&#8221;100&#8243; align_horizontal=&#8221;align_center&#8221; gutter_size=&#8221;3&#8243; style=&#8221;dark&#8221; overlay_alpha=&#8221;100&#8243; shift_x=&#8221;0&#8243; shift_y=&#8221;0&#8243; shift_y_down=&#8221;0&#8243; z_index=&#8221;0&#8243; medium_width=&#8221;3&#8243; mobile_width=&#8221;0&#8243; zoom_width=&#8221;0&#8243; zoom_height=&#8221;0&#8243; width=&#8221;1\/3&#8243;][vc_icon icon=&#8221;fa fa-music&#8221; icon_color=&#8221;color-xsdn&#8221; size=&#8221;fa-3x&#8221; text_font=&#8221;font-762333&#8243; text_size=&#8221;h4&#8243; text_space=&#8221;fontspace-111509&#8243; text_reduced=&#8221;yes&#8221; align=&#8221;left&#8221; title=&#8221;DISSEMINATION&#8221;]We produce concerts in Brussels and organize a concert tour in Belgium with about ten bands every year[\/vc_icon][\/vc_column_inner][vc_column_inner column_width_percent=&#8221;100&#8243; align_horizontal=&#8221;align_center&#8221; gutter_size=&#8221;3&#8243; style=&#8221;dark&#8221; overlay_alpha=&#8221;100&#8243; shift_x=&#8221;0&#8243; shift_y=&#8221;0&#8243; shift_y_down=&#8221;0&#8243; z_index=&#8221;0&#8243; medium_width=&#8221;3&#8243; mobile_width=&#8221;0&#8243; zoom_width=&#8221;0&#8243; zoom_height=&#8221;0&#8243; width=&#8221;1\/3&#8243;][vc_icon icon=&#8221;fa fa-compress&#8221; icon_color=&#8221;color-xsdn&#8221; size=&#8221;fa-3x&#8221; text_font=&#8221;font-762333&#8243; text_size=&#8221;h4&#8243; text_space=&#8221;fontspace-111509&#8243; text_reduced=&#8221;yes&#8221; align=&#8221;left&#8221; title=&#8221;TRAINING&#8221;]Every year in July we organize a week-long camp that introduces participants to jazz and trains them. We also organize pedagogical activities geared towards young audiences to introduce them to jazz music.[\/vc_icon][\/vc_column_inner][\/vc_row_inner][\/vc_column][\/vc_row][vc_row row_height_percent=&#8221;0&#8243; override_padding=&#8221;yes&#8221; h_padding=&#8221;2&#8243; top_padding=&#8221;5&#8243; bottom_padding=&#8221;3&#8243; overlay_alpha=&#8221;100&#8243; gutter_size=&#8221;100&#8243; shift_y=&#8221;0&#8243; style=&#8221;inherited&#8221;][vc_column column_width_percent=&#8221;100&#8243; gutter_size=&#8221;3&#8243; overlay_alpha=&#8221;100&#8243; shift_x=&#8221;0&#8243; shift_y=&#8221;0&#8243; medium_width=&#8221;0&#8243; zoom_width=&#8221;0&#8243; zoom_height=&#8221;0&#8243; width=&#8221;1\/1&#8243;][vc_row_inner row_inner_height_percent=&#8221;0&#8243; overlay_alpha=&#8221;100&#8243; gutter_size=&#8221;3&#8243; shift_y=&#8221;0&#8243;][vc_column_inner column_width_use_pixel=&#8221;yes&#8221; align_horizontal=&#8221;align_center&#8221; gutter_size=&#8221;3&#8243; overlay_alpha=&#8221;100&#8243; shift_x=&#8221;0&#8243; shift_y=&#8221;0&#8243; shift_y_down=&#8221;0&#8243; z_index=&#8221;0&#8243; medium_width=&#8221;0&#8243; mobile_width=&#8221;0&#8243; zoom_width=&#8221;0&#8243; zoom_height=&#8221;0&#8243; width=&#8221;1\/1&#8243; column_width_pixel=&#8221;700&#8243;][vc_custom_heading heading_semantic=&#8221;h3&#8243; text_size=&#8221;h1&#8243; text_weight=&#8221;900&#8243; text_space=&#8221;fontspace-781688&#8243; separator_color=&#8221;yes&#8221; separator=&#8221;yes&#8221; sub_lead=&#8221;yes&#8221; subheading=&#8221;Only \u20ac20 per year! Support the association by becoming a member and benefit from discounts for all our activities, concerts and workshops.&#8221;]Support the association[\/vc_custom_heading][\/vc_column_inner][\/vc_row_inner][\/vc_column][\/vc_row][vc_row row_height_percent=&#8221;0&#8243; override_padding=&#8221;yes&#8221; h_padding=&#8221;2&#8243; top_padding=&#8221;0&#8243; bottom_padding=&#8221;4&#8243; overlay_alpha=&#8221;50&#8243; gutter_size=&#8221;3&#8243; column_width_percent=&#8221;100&#8243; shift_y=&#8221;0&#8243; z_index=&#8221;0&#8243;][vc_column column_width_percent=&#8221;100&#8243; align_horizontal=&#8221;align_center&#8221; gutter_size=&#8221;3&#8243; overlay_alpha=&#8221;50&#8243; shift_x=&#8221;0&#8243; shift_y=&#8221;0&#8243; shift_y_down=&#8221;0&#8243; z_index=&#8221;0&#8243; medium_width=&#8221;0&#8243; mobile_width=&#8221;0&#8243; width=&#8221;1\/1&#8243;][vc_button button_color=&#8221;color-632047&#8243; radius=&#8221;btn-circle&#8221; border_width=&#8221;0&#8243; link=&#8221;url:https%3A%2F%2Fwww.leslundisdhortense.be%2Fpages%2Fdevenir-membre%2F|title:Devenir%20membre||&#8221;]Support the activities of the association, become a member![\/vc_button][\/vc_column][\/vc_row]<\/p>\n<\/div>","protected":false},"excerpt":{"rendered":"<p>[vc_row row_height_percent=&#8221;0&#8243; override_padding=&#8221;yes&#8221; h_padding=&#8221;2&#8243; top_padding=&#8221;5&#8243; bottom_padding=&#8221;5&#8243; overlay_alpha=&#8221;100&#8243; gutter_size=&#8221;100&#8243; shift_y=&#8221;0&#8243; style=&#8221;inherited&#8221;][vc_column column_width_use_pixel=&#8221;yes&#8221; align_horizontal=&#8221;align_center&#8221; gutter_size=&#8221;4&#8243; overlay_alpha=&#8221;100&#8243; shift_x=&#8221;0&#8243; shift_y=&#8221;0&#8243; shift_y_down=&#8221;0&#8243; z_index=&#8221;0&#8243; medium_width=&#8221;0&#8243; mobile_width=&#8221;0&#8243; [&hellip;]<\/p>\n","protected":false},"author":1,"featured_media":0,"parent":0,"menu_order":18,"comment_status":"open","ping_status":"closed","template":"","meta":{"_acf_changed":false,"_uf_show_specific_survey":0,"_uf_disable_surveys":false,"footnotes":""},"class_list":["post-83168","page","type-page","status-publish","hentry"],"acf":[],"yoast_head":"<!-- This site is optimized with the Yoast SEO plugin v27.3 - https:\/\/yoast.com\/product\/yoast-seo-wordpress\/ -->\n<title>About us - Les Lundis d&#039;Hortense<\/title>\n<meta name=\"robots\" content=\"index, follow, max-snippet:-1, max-image-preview:large, max-video-preview:-1\" \/>\n<link rel=\"canonical\" href=\"https:\/\/www.leslundisdhortense.be\/en\/about-us\/\" \/>\n<meta property=\"og:locale\" content=\"en_US\" \/>\n<meta property=\"og:type\" content=\"article\" \/>\n<meta property=\"og:title\" content=\"About us - Les Lundis d&#039;Hortense\" \/>\n<meta property=\"og:description\" content=\"[vc_row row_height_percent=&#8221;0&#8243; override_padding=&#8221;yes&#8221; h_padding=&#8221;2&#8243; top_padding=&#8221;5&#8243; bottom_padding=&#8221;5&#8243; overlay_alpha=&#8221;100&#8243; gutter_size=&#8221;100&#8243; shift_y=&#8221;0&#8243; style=&#8221;inherited&#8221;][vc_column column_width_use_pixel=&#8221;yes&#8221; align_horizontal=&#8221;align_center&#8221; gutter_size=&#8221;4&#8243; overlay_alpha=&#8221;100&#8243; shift_x=&#8221;0&#8243; shift_y=&#8221;0&#8243; shift_y_down=&#8221;0&#8243; z_index=&#8221;0&#8243; medium_width=&#8221;0&#8243; mobile_width=&#8221;0&#8243; [&hellip;]\" \/>\n<meta property=\"og:url\" content=\"https:\/\/www.leslundisdhortense.be\/en\/about-us\/\" \/>\n<meta property=\"og:site_name\" content=\"Les Lundis d&#039;Hortense\" \/>\n<meta property=\"article:publisher\" content=\"https:\/\/www.facebook.com\/leslundisdhortense\" \/>\n<meta property=\"article:modified_time\" content=\"2026-02-23T18:11:06+00:00\" \/>\n<meta property=\"og:image\" content=\"https:\/\/www.leslundisdhortense.be\/wp-content\/uploads\/2019\/08\/share-img.png\" \/>\n\t<meta property=\"og:image:width\" content=\"1200\" \/>\n\t<meta property=\"og:image:height\" content=\"630\" \/>\n\t<meta property=\"og:image:type\" content=\"image\/png\" \/>\n<meta name=\"twitter:card\" content=\"summary_large_image\" \/>\n<meta name=\"twitter:site\" content=\"@lundisdhortense\" \/>\n<meta name=\"twitter:label1\" content=\"Est. reading time\" \/>\n\t<meta name=\"twitter:data1\" content=\"5 minutes\" \/>\n<script type=\"application\/ld+json\" class=\"yoast-schema-graph\">{\"@context\":\"https:\\\/\\\/schema.org\",\"@graph\":[{\"@type\":\"WebPage\",\"@id\":\"https:\\\/\\\/www.leslundisdhortense.be\\\/en\\\/about-us\\\/\",\"url\":\"https:\\\/\\\/www.leslundisdhortense.be\\\/en\\\/about-us\\\/\",\"name\":\"About us - Les Lundis d&#039;Hortense\",\"isPartOf\":{\"@id\":\"https:\\\/\\\/www.leslundisdhortense.be\\\/en\\\/#website\"},\"datePublished\":\"2014-12-11T16:50:51+00:00\",\"dateModified\":\"2026-02-23T18:11:06+00:00\",\"breadcrumb\":{\"@id\":\"https:\\\/\\\/www.leslundisdhortense.be\\\/en\\\/about-us\\\/#breadcrumb\"},\"inLanguage\":\"en-US\",\"potentialAction\":[{\"@type\":\"ReadAction\",\"target\":[\"https:\\\/\\\/www.leslundisdhortense.be\\\/en\\\/about-us\\\/\"]}]},{\"@type\":\"BreadcrumbList\",\"@id\":\"https:\\\/\\\/www.leslundisdhortense.be\\\/en\\\/about-us\\\/#breadcrumb\",\"itemListElement\":[{\"@type\":\"ListItem\",\"position\":1,\"name\":\"Accueil\",\"item\":\"https:\\\/\\\/www.leslundisdhortense.be\\\/en\\\/\"},{\"@type\":\"ListItem\",\"position\":2,\"name\":\"About us\"}]},{\"@type\":\"WebSite\",\"@id\":\"https:\\\/\\\/www.leslundisdhortense.be\\\/en\\\/#website\",\"url\":\"https:\\\/\\\/www.leslundisdhortense.be\\\/en\\\/\",\"name\":\"Les Lundis d'Hortense\",\"description\":\"C&#039;est du jazz belge\",\"publisher\":{\"@id\":\"https:\\\/\\\/www.leslundisdhortense.be\\\/en\\\/#organization\"},\"potentialAction\":[{\"@type\":\"SearchAction\",\"target\":{\"@type\":\"EntryPoint\",\"urlTemplate\":\"https:\\\/\\\/www.leslundisdhortense.be\\\/en\\\/?s={search_term_string}\"},\"query-input\":{\"@type\":\"PropertyValueSpecification\",\"valueRequired\":true,\"valueName\":\"search_term_string\"}}],\"inLanguage\":\"en-US\"},{\"@type\":\"Organization\",\"@id\":\"https:\\\/\\\/www.leslundisdhortense.be\\\/en\\\/#organization\",\"name\":\"Les Lundis d'Hortense\",\"url\":\"https:\\\/\\\/www.leslundisdhortense.be\\\/en\\\/\",\"logo\":{\"@type\":\"ImageObject\",\"inLanguage\":\"en-US\",\"@id\":\"https:\\\/\\\/www.leslundisdhortense.be\\\/en\\\/#\\\/schema\\\/logo\\\/image\\\/\",\"url\":\"https:\\\/\\\/www.leslundisdhortense.be\\\/wp-content\\\/uploads\\\/2022\\\/12\\\/LDH-logo-negatif-couleur.jpg\",\"contentUrl\":\"https:\\\/\\\/www.leslundisdhortense.be\\\/wp-content\\\/uploads\\\/2022\\\/12\\\/LDH-logo-negatif-couleur.jpg\",\"width\":2048,\"height\":2185,\"caption\":\"Les Lundis d'Hortense\"},\"image\":{\"@id\":\"https:\\\/\\\/www.leslundisdhortense.be\\\/en\\\/#\\\/schema\\\/logo\\\/image\\\/\"},\"sameAs\":[\"https:\\\/\\\/www.facebook.com\\\/leslundisdhortense\",\"https:\\\/\\\/x.com\\\/lundisdhortense\",\"https:\\\/\\\/www.instagram.com\\\/leslundisdhortense\\\/\",\"https:\\\/\\\/www.youtube.com\\\/channel\\\/UCrpzRDMAiXU1t-ExuavTmhA\"]}]}<\/script>\n<!-- \/ Yoast SEO plugin. -->","yoast_head_json":{"title":"About us - Les Lundis d&#039;Hortense","robots":{"index":"index","follow":"follow","max-snippet":"max-snippet:-1","max-image-preview":"max-image-preview:large","max-video-preview":"max-video-preview:-1"},"canonical":"https:\/\/www.leslundisdhortense.be\/en\/about-us\/","og_locale":"en_US","og_type":"article","og_title":"About us - Les Lundis d&#039;Hortense","og_description":"[vc_row row_height_percent=&#8221;0&#8243; override_padding=&#8221;yes&#8221; h_padding=&#8221;2&#8243; top_padding=&#8221;5&#8243; bottom_padding=&#8221;5&#8243; overlay_alpha=&#8221;100&#8243; gutter_size=&#8221;100&#8243; shift_y=&#8221;0&#8243; style=&#8221;inherited&#8221;][vc_column column_width_use_pixel=&#8221;yes&#8221; align_horizontal=&#8221;align_center&#8221; gutter_size=&#8221;4&#8243; overlay_alpha=&#8221;100&#8243; shift_x=&#8221;0&#8243; shift_y=&#8221;0&#8243; shift_y_down=&#8221;0&#8243; z_index=&#8221;0&#8243; medium_width=&#8221;0&#8243; mobile_width=&#8221;0&#8243; [&hellip;]","og_url":"https:\/\/www.leslundisdhortense.be\/en\/about-us\/","og_site_name":"Les Lundis d&#039;Hortense","article_publisher":"https:\/\/www.facebook.com\/leslundisdhortense","article_modified_time":"2026-02-23T18:11:06+00:00","og_image":[{"width":1200,"height":630,"url":"https:\/\/www.leslundisdhortense.be\/wp-content\/uploads\/2019\/08\/share-img.png","type":"image\/png"}],"twitter_card":"summary_large_image","twitter_site":"@lundisdhortense","twitter_misc":{"Est. reading time":"5 minutes"},"schema":{"@context":"https:\/\/schema.org","@graph":[{"@type":"WebPage","@id":"https:\/\/www.leslundisdhortense.be\/en\/about-us\/","url":"https:\/\/www.leslundisdhortense.be\/en\/about-us\/","name":"About us - Les Lundis d&#039;Hortense","isPartOf":{"@id":"https:\/\/www.leslundisdhortense.be\/en\/#website"},"datePublished":"2014-12-11T16:50:51+00:00","dateModified":"2026-02-23T18:11:06+00:00","breadcrumb":{"@id":"https:\/\/www.leslundisdhortense.be\/en\/about-us\/#breadcrumb"},"inLanguage":"en-US","potentialAction":[{"@type":"ReadAction","target":["https:\/\/www.leslundisdhortense.be\/en\/about-us\/"]}]},{"@type":"BreadcrumbList","@id":"https:\/\/www.leslundisdhortense.be\/en\/about-us\/#breadcrumb","itemListElement":[{"@type":"ListItem","position":1,"name":"Accueil","item":"https:\/\/www.leslundisdhortense.be\/en\/"},{"@type":"ListItem","position":2,"name":"About us"}]},{"@type":"WebSite","@id":"https:\/\/www.leslundisdhortense.be\/en\/#website","url":"https:\/\/www.leslundisdhortense.be\/en\/","name":"Les Lundis d'Hortense","description":"C&#039;est du jazz belge","publisher":{"@id":"https:\/\/www.leslundisdhortense.be\/en\/#organization"},"potentialAction":[{"@type":"SearchAction","target":{"@type":"EntryPoint","urlTemplate":"https:\/\/www.leslundisdhortense.be\/en\/?s={search_term_string}"},"query-input":{"@type":"PropertyValueSpecification","valueRequired":true,"valueName":"search_term_string"}}],"inLanguage":"en-US"},{"@type":"Organization","@id":"https:\/\/www.leslundisdhortense.be\/en\/#organization","name":"Les Lundis d'Hortense","url":"https:\/\/www.leslundisdhortense.be\/en\/","logo":{"@type":"ImageObject","inLanguage":"en-US","@id":"https:\/\/www.leslundisdhortense.be\/en\/#\/schema\/logo\/image\/","url":"https:\/\/www.leslundisdhortense.be\/wp-content\/uploads\/2022\/12\/LDH-logo-negatif-couleur.jpg","contentUrl":"https:\/\/www.leslundisdhortense.be\/wp-content\/uploads\/2022\/12\/LDH-logo-negatif-couleur.jpg","width":2048,"height":2185,"caption":"Les Lundis d'Hortense"},"image":{"@id":"https:\/\/www.leslundisdhortense.be\/en\/#\/schema\/logo\/image\/"},"sameAs":["https:\/\/www.facebook.com\/leslundisdhortense","https:\/\/x.com\/lundisdhortense","https:\/\/www.instagram.com\/leslundisdhortense\/","https:\/\/www.youtube.com\/channel\/UCrpzRDMAiXU1t-ExuavTmhA"]}]}},"_links":{"self":[{"href":"https:\/\/www.leslundisdhortense.be\/en\/wp-json\/wp\/v2\/pages\/83168","targetHints":{"allow":["GET"]}}],"collection":[{"href":"https:\/\/www.leslundisdhortense.be\/en\/wp-json\/wp\/v2\/pages"}],"about":[{"href":"https:\/\/www.leslundisdhortense.be\/en\/wp-json\/wp\/v2\/types\/page"}],"author":[{"embeddable":true,"href":"https:\/\/www.leslundisdhortense.be\/en\/wp-json\/wp\/v2\/users\/1"}],"replies":[{"embeddable":true,"href":"https:\/\/www.leslundisdhortense.be\/en\/wp-json\/wp\/v2\/comments?post=83168"}],"version-history":[{"count":13,"href":"https:\/\/www.leslundisdhortense.be\/en\/wp-json\/wp\/v2\/pages\/83168\/revisions"}],"predecessor-version":[{"id":131741,"href":"https:\/\/www.leslundisdhortense.be\/en\/wp-json\/wp\/v2\/pages\/83168\/revisions\/131741"}],"wp:attachment":[{"href":"https:\/\/www.leslundisdhortense.be\/en\/wp-json\/wp\/v2\/media?parent=83168"}],"curies":[{"name":"wp","href":"https:\/\/api.w.org\/{rel}","templated":true}]}}