{"id":83290,"date":"2014-12-11T17:50:51","date_gmt":"2014-12-11T16:50:51","guid":{"rendered":"https:\/\/www.leslundisdhortense.be\/a-propos\/"},"modified":"2026-02-23T19:10:00","modified_gmt":"2026-02-23T18:10:00","slug":"over","status":"publish","type":"page","link":"https:\/\/www.leslundisdhortense.be\/nl\/over\/","title":{"rendered":"Over"},"content":{"rendered":"<div class=\"wpb-content-wrapper\"><p>[vc_row row_height_percent=&#8221;0&#8243; override_padding=&#8221;yes&#8221; h_padding=&#8221;2&#8243; top_padding=&#8221;5&#8243; bottom_padding=&#8221;5&#8243; overlay_alpha=&#8221;100&#8243; gutter_size=&#8221;100&#8243; shift_y=&#8221;0&#8243; style=&#8221;inherited&#8221;][vc_column column_width_use_pixel=&#8221;yes&#8221; align_horizontal=&#8221;align_center&#8221; gutter_size=&#8221;4&#8243; overlay_alpha=&#8221;100&#8243; shift_x=&#8221;0&#8243; shift_y=&#8221;0&#8243; shift_y_down=&#8221;0&#8243; z_index=&#8221;0&#8243; medium_width=&#8221;0&#8243; mobile_width=&#8221;0&#8243; zoom_width=&#8221;0&#8243; zoom_height=&#8221;0&#8243; width=&#8221;1\/1&#8243;][vc_tabs][vc_tab no_margin=&#8221;yes&#8221; title=&#8221;Over&#8221; tab_id=&#8221;1434114947-1-82&#8243;][vc_column_text text_lead=&#8221;yes&#8221;]<\/p>\n<h1>Een vereniging die zich inzet voor de distributie en de promotie in de Belgische jazzsector.<\/h1>\n<p>We zijn erkend als een van de bevoorrechte gesprekspartners van de Belgische overheid. De vereniging geniet de financi\u00eble steun van het Ministerie van Cultuur van de Franse Gemeenschap van Belgi\u00eb. Benieuwd waar de nogal ongewone naam van de vereniging vandaan komt? Wel, de oprichters van de vereniging kwamen elke maandagavond samen in een villa in de Brusselse rand. En die villa droeg de welluidende naam \u2018Villa Hortense\u2019.[\/vc_column_text][\/vc_tab][vc_tab no_margin=&#8221;yes&#8221; title=&#8221;Visie&#8221; tab_id=&#8221;1434114947-2-86&#8243;][vc_column_text text_lead=&#8221;yes&#8221;]<\/p>\n<h1>Een vereniging die wordt beheerd door jazzmuzikanten en -liefhebbers om een unieke benadering van de muziek te behartigen en uit te dragen<\/h1>\n<p>Les Lundis d\u2019Hortense staat voor een integere en democratische aanpak en hecht veel belang aan kennisoverdracht en educatie. We zien erop toe dat de rechten van de muzikanten worden gerespecteerd en verdedigd door zelf het goede voorbeeld te geven en, indien nodig, de media en de politiek in te schakelen.[\/vc_column_text][\/vc_tab][vc_tab no_margin=&#8221;yes&#8221; title=&#8221;Missies&#8221; tab_id=&#8221;1559000594674-3-1&#8243;][vc_column_text text_lead=&#8221;yes&#8221;]<\/p>\n<h1>Onze missies steunen op drie ontwikkelingspijlers: promotie, distributie en opleiding.<\/h1>\n<p>[\/vc_column_text][\/vc_tab][vc_tab no_margin=&#8221;yes&#8221; title=&#8221;Bestuurders&#8221; tab_id=&#8221;1434115238057-2-1&#8243;][vc_column_text text_lead=&#8221;yes&#8221; uncode_shortcode_id=&#8221;930691&#8243;]<\/p>\n<h1>Onze raad van bestuur komt driemaandelijks samen om activiteiten op te zetten en op te volgen.<\/h1>\n<p><strong>Leden van de raad van bestuur<\/strong><\/p>\n<p>Eve Beuvens, Tom Bourgeois, Ga\u00ebtan Casteels, Dimitri Delvaux, Pierre de Surg\u00e8res, Alexandra Gadzina, Peter Hertmans, Lara Humbert, Sarah Klenes, Th\u00e9o Lanau, Pauline Leblond, Jean-Louis Rassinfosse, Christine Rygaert, Pierre-Antoine Savoyat, Gr\u00e9goire Tirtiaux, Jean-Jacques Vandenbroucke, Michel Vrydag, Alexandre Wajnberg<\/p>\n<p>75% van de raad van bestuur bestaat uit professionele jazz(wo)men. Alle bestuurders zetelen onbezoldigd in de raad. Ze komen niet alleen maandelijks bijeen, maar nemen ook deel aan verschillende denktanks en werkgroepen om zo de activiteiten die zijn goedgekeurd door de raad van bestuur in goede banen te leiden. Twee keer per jaar beluisteren ze bovendien om en bij de 130 kandidaat-groepen tijdens verschillende concertactiviteiten. Na deze blinde beluistering brengen ze anoniem hun stem uit. Het is hun niet toegelaten te stemmen op groepen waarin ze zelf meespelen.[\/vc_column_text][\/vc_tab][vc_tab no_margin=&#8221;yes&#8221; title=&#8221;Partners&#8221; tab_id=&#8221;1559001054259-4-8&#8243;][vc_column_text text_lead=&#8221;yes&#8221;]<\/p>\n<h1>Onze dank gaat uit naar onze partners die onze missies en acties ter bevordering van de Belgische jazz ondersteunen.<\/h1>\n<p>Les Lundis d\u2019Hortense geniet een programmaovereenkomst met de Franse Gemeenschap.<\/p>\n<p>De Jazz Tour wordt gesteund door Les tourn\u00e9es Art et Vie.<\/p>\n<p>De concerten en andere activiteiten van de vzw vinden plaats op verschillende locaties in Brussel en Walloni\u00eb.[\/vc_column_text][\/vc_tab][\/vc_tabs][\/vc_column][\/vc_row][vc_row row_height_percent=&#8221;0&#8243; override_padding=&#8221;yes&#8221; h_padding=&#8221;2&#8243; top_padding=&#8221;5&#8243; bottom_padding=&#8221;5&#8243; back_color=&#8221;rouge-ldh&#8221; back_image=&#8221;80096&#8243; back_position=&#8221;center center&#8221; parallax=&#8221;yes&#8221; overlay_color=&#8221;rouge-ldh&#8221; overlay_alpha=&#8221;90&#8243; gutter_size=&#8221;100&#8243; column_width_percent=&#8221;100&#8243; shift_y=&#8221;0&#8243; z_index=&#8221;0&#8243; style=&#8221;inherited&#8221;][vc_column column_width_percent=&#8221;100&#8243; position_horizontal=&#8221;left&#8221; align_horizontal=&#8221;align_center&#8221; gutter_size=&#8221;4&#8243; overlay_alpha=&#8221;100&#8243; shift_x=&#8221;0&#8243; shift_y=&#8221;0&#8243; z_index=&#8221;0&#8243; medium_width=&#8221;0&#8243; mobile_width=&#8221;0&#8243; zoom_width=&#8221;0&#8243; zoom_height=&#8221;0&#8243; width=&#8221;1\/1&#8243;][vc_row_inner row_inner_height_percent=&#8221;0&#8243; overlay_alpha=&#8221;100&#8243; gutter_size=&#8221;4&#8243; shift_y=&#8221;0&#8243;][vc_column_inner column_width_percent=&#8221;100&#8243; align_horizontal=&#8221;align_center&#8221; gutter_size=&#8221;3&#8243; style=&#8221;dark&#8221; overlay_alpha=&#8221;100&#8243; shift_x=&#8221;0&#8243; shift_y=&#8221;0&#8243; shift_y_down=&#8221;0&#8243; z_index=&#8221;0&#8243; medium_width=&#8221;3&#8243; mobile_width=&#8221;0&#8243; zoom_width=&#8221;0&#8243; zoom_height=&#8221;0&#8243; width=&#8221;1\/3&#8243;][vc_icon icon=&#8221;fa fa-rocket2&#8243; icon_color=&#8221;color-xsdn&#8221; size=&#8221;fa-3x&#8221; text_font=&#8221;font-762333&#8243; text_size=&#8221;h4&#8243; text_space=&#8221;fontspace-111509&#8243; text_reduced=&#8221;yes&#8221; align=&#8221;left&#8221; title=&#8221;PROMOTIE&#8221;]We organiseren concerten om jazzmuzikanten een podium te geven en met onze verschillende uitgaven die de Belgische jazzscene belichten, richten we ons tot het brede publiek.[\/vc_icon][\/vc_column_inner][vc_column_inner column_width_percent=&#8221;100&#8243; align_horizontal=&#8221;align_center&#8221; gutter_size=&#8221;3&#8243; style=&#8221;dark&#8221; overlay_alpha=&#8221;100&#8243; shift_x=&#8221;0&#8243; shift_y=&#8221;0&#8243; shift_y_down=&#8221;0&#8243; z_index=&#8221;0&#8243; medium_width=&#8221;3&#8243; mobile_width=&#8221;0&#8243; zoom_width=&#8221;0&#8243; zoom_height=&#8221;0&#8243; width=&#8221;1\/3&#8243;][vc_icon icon=&#8221;fa fa-music&#8221; icon_color=&#8221;color-xsdn&#8221; size=&#8221;fa-3x&#8221; text_font=&#8221;font-762333&#8243; text_size=&#8221;h4&#8243; text_space=&#8221;fontspace-111509&#8243; text_reduced=&#8221;yes&#8221; align=&#8221;left&#8221; title=&#8221;DISTRIBUTIE&#8221;]We geven concerten in Brussel en elk jaar organiseren we met een tiental groepen een concerttournee in Belgi\u00eb.[\/vc_icon][\/vc_column_inner][vc_column_inner column_width_percent=&#8221;100&#8243; align_horizontal=&#8221;align_center&#8221; gutter_size=&#8221;3&#8243; style=&#8221;dark&#8221; overlay_alpha=&#8221;100&#8243; shift_x=&#8221;0&#8243; shift_y=&#8221;0&#8243; shift_y_down=&#8221;0&#8243; z_index=&#8221;0&#8243; medium_width=&#8221;3&#8243; mobile_width=&#8221;0&#8243; zoom_width=&#8221;0&#8243; zoom_height=&#8221;0&#8243; width=&#8221;1\/3&#8243;][vc_icon icon=&#8221;fa fa-compress&#8221; icon_color=&#8221;color-xsdn&#8221; size=&#8221;fa-3x&#8221; text_font=&#8221;font-762333&#8243; text_size=&#8221;h4&#8243; text_space=&#8221;fontspace-111509&#8243; text_reduced=&#8221;yes&#8221; align=&#8221;left&#8221; title=&#8221;OPLEIDING&#8221;]Elk jaar in juli organiseren we een jazzinitiatie- en opleidingsstage. Daarnaast richten we ons met onze podium- en pedagogische ontdekkingsactiviteiten op een jong publiek.[\/vc_icon][\/vc_column_inner][\/vc_row_inner][\/vc_column][\/vc_row][vc_row row_height_percent=&#8221;0&#8243; override_padding=&#8221;yes&#8221; h_padding=&#8221;2&#8243; top_padding=&#8221;5&#8243; bottom_padding=&#8221;3&#8243; overlay_alpha=&#8221;100&#8243; gutter_size=&#8221;100&#8243; shift_y=&#8221;0&#8243; style=&#8221;inherited&#8221;][vc_column column_width_percent=&#8221;100&#8243; gutter_size=&#8221;3&#8243; overlay_alpha=&#8221;100&#8243; shift_x=&#8221;0&#8243; shift_y=&#8221;0&#8243; medium_width=&#8221;0&#8243; zoom_width=&#8221;0&#8243; zoom_height=&#8221;0&#8243; width=&#8221;1\/1&#8243;][vc_row_inner row_inner_height_percent=&#8221;0&#8243; overlay_alpha=&#8221;100&#8243; gutter_size=&#8221;3&#8243; shift_y=&#8221;0&#8243;][vc_column_inner column_width_use_pixel=&#8221;yes&#8221; align_horizontal=&#8221;align_center&#8221; gutter_size=&#8221;3&#8243; overlay_alpha=&#8221;100&#8243; shift_x=&#8221;0&#8243; shift_y=&#8221;0&#8243; shift_y_down=&#8221;0&#8243; z_index=&#8221;0&#8243; medium_width=&#8221;0&#8243; mobile_width=&#8221;0&#8243; zoom_width=&#8221;0&#8243; zoom_height=&#8221;0&#8243; width=&#8221;1\/1&#8243; column_width_pixel=&#8221;700&#8243;][vc_custom_heading heading_semantic=&#8221;h3&#8243; text_size=&#8221;h1&#8243; text_weight=&#8221;900&#8243; text_space=&#8221;fontspace-781688&#8243; separator_color=&#8221;yes&#8221; separator=&#8221;yes&#8221; sub_lead=&#8221;yes&#8221; subheading=&#8221;Voor slechts \u20ac 20 per jaar!<br \/>\nSteun de vereniging en word lid. Zo geniet u meteen ook korting voor al onze activiteiten, concerten en stages.&#8221;]De vereniging steunen[\/vc_custom_heading][\/vc_column_inner][\/vc_row_inner][\/vc_column][\/vc_row][vc_row row_height_percent=&#8221;0&#8243; override_padding=&#8221;yes&#8221; h_padding=&#8221;2&#8243; top_padding=&#8221;0&#8243; bottom_padding=&#8221;4&#8243; overlay_alpha=&#8221;50&#8243; gutter_size=&#8221;3&#8243; column_width_percent=&#8221;100&#8243; shift_y=&#8221;0&#8243; z_index=&#8221;0&#8243;][vc_column column_width_percent=&#8221;100&#8243; align_horizontal=&#8221;align_center&#8221; gutter_size=&#8221;3&#8243; overlay_alpha=&#8221;50&#8243; shift_x=&#8221;0&#8243; shift_y=&#8221;0&#8243; shift_y_down=&#8221;0&#8243; z_index=&#8221;0&#8243; medium_width=&#8221;0&#8243; mobile_width=&#8221;0&#8243; width=&#8221;1\/1&#8243;][vc_button button_color=&#8221;color-632047&#8243; radius=&#8221;btn-circle&#8221; border_width=&#8221;0&#8243; link=&#8221;url:https%3A%2F%2Fwww.leslundisdhortense.be%2Fpages%2Fdevenir-membre%2F|title:Devenir%20membre||&#8221;]Steun de werking van de vereniging en word lid ![\/vc_button][\/vc_column][\/vc_row]<\/p>\n<\/div>","protected":false},"excerpt":{"rendered":"<p>[vc_row row_height_percent=&#8221;0&#8243; override_padding=&#8221;yes&#8221; h_padding=&#8221;2&#8243; top_padding=&#8221;5&#8243; bottom_padding=&#8221;5&#8243; overlay_alpha=&#8221;100&#8243; gutter_size=&#8221;100&#8243; shift_y=&#8221;0&#8243; style=&#8221;inherited&#8221;][vc_column column_width_use_pixel=&#8221;yes&#8221; align_horizontal=&#8221;align_center&#8221; gutter_size=&#8221;4&#8243; overlay_alpha=&#8221;100&#8243; shift_x=&#8221;0&#8243; shift_y=&#8221;0&#8243; shift_y_down=&#8221;0&#8243; z_index=&#8221;0&#8243; medium_width=&#8221;0&#8243; mobile_width=&#8221;0&#8243; [&hellip;]<\/p>\n","protected":false},"author":1,"featured_media":0,"parent":0,"menu_order":19,"comment_status":"open","ping_status":"closed","template":"","meta":{"_acf_changed":false,"_uf_show_specific_survey":0,"_uf_disable_surveys":false,"footnotes":""},"class_list":["post-83290","page","type-page","status-publish","hentry"],"acf":[],"yoast_head":"<!-- This site is optimized with the Yoast SEO plugin v27.3 - https:\/\/yoast.com\/product\/yoast-seo-wordpress\/ -->\n<title>Over - Les Lundis d&#039;Hortense<\/title>\n<meta name=\"robots\" content=\"index, follow, max-snippet:-1, max-image-preview:large, max-video-preview:-1\" \/>\n<link rel=\"canonical\" href=\"https:\/\/www.leslundisdhortense.be\/nl\/over\/\" \/>\n<meta property=\"og:locale\" content=\"nl_NL\" \/>\n<meta property=\"og:type\" content=\"article\" \/>\n<meta property=\"og:title\" content=\"Over - Les Lundis d&#039;Hortense\" \/>\n<meta property=\"og:description\" content=\"[vc_row row_height_percent=&#8221;0&#8243; override_padding=&#8221;yes&#8221; h_padding=&#8221;2&#8243; top_padding=&#8221;5&#8243; bottom_padding=&#8221;5&#8243; overlay_alpha=&#8221;100&#8243; gutter_size=&#8221;100&#8243; shift_y=&#8221;0&#8243; style=&#8221;inherited&#8221;][vc_column column_width_use_pixel=&#8221;yes&#8221; align_horizontal=&#8221;align_center&#8221; gutter_size=&#8221;4&#8243; overlay_alpha=&#8221;100&#8243; shift_x=&#8221;0&#8243; shift_y=&#8221;0&#8243; shift_y_down=&#8221;0&#8243; z_index=&#8221;0&#8243; medium_width=&#8221;0&#8243; mobile_width=&#8221;0&#8243; [&hellip;]\" \/>\n<meta property=\"og:url\" content=\"https:\/\/www.leslundisdhortense.be\/nl\/over\/\" \/>\n<meta property=\"og:site_name\" content=\"Les Lundis d&#039;Hortense\" \/>\n<meta property=\"article:publisher\" content=\"https:\/\/www.facebook.com\/leslundisdhortense\" \/>\n<meta property=\"article:modified_time\" content=\"2026-02-23T18:10:00+00:00\" \/>\n<meta property=\"og:image\" content=\"https:\/\/www.leslundisdhortense.be\/wp-content\/uploads\/2019\/08\/share-img.png\" \/>\n\t<meta property=\"og:image:width\" content=\"1200\" \/>\n\t<meta property=\"og:image:height\" content=\"630\" \/>\n\t<meta property=\"og:image:type\" content=\"image\/png\" \/>\n<meta name=\"twitter:card\" content=\"summary_large_image\" \/>\n<meta name=\"twitter:site\" content=\"@lundisdhortense\" \/>\n<meta name=\"twitter:label1\" content=\"Geschatte leestijd\" \/>\n\t<meta name=\"twitter:data1\" content=\"4 minuten\" \/>\n<script type=\"application\/ld+json\" class=\"yoast-schema-graph\">{\"@context\":\"https:\\\/\\\/schema.org\",\"@graph\":[{\"@type\":\"WebPage\",\"@id\":\"https:\\\/\\\/www.leslundisdhortense.be\\\/nl\\\/over\\\/\",\"url\":\"https:\\\/\\\/www.leslundisdhortense.be\\\/nl\\\/over\\\/\",\"name\":\"Over - Les Lundis d&#039;Hortense\",\"isPartOf\":{\"@id\":\"https:\\\/\\\/www.leslundisdhortense.be\\\/nl\\\/#website\"},\"datePublished\":\"2014-12-11T16:50:51+00:00\",\"dateModified\":\"2026-02-23T18:10:00+00:00\",\"breadcrumb\":{\"@id\":\"https:\\\/\\\/www.leslundisdhortense.be\\\/nl\\\/over\\\/#breadcrumb\"},\"inLanguage\":\"nl-NL\",\"potentialAction\":[{\"@type\":\"ReadAction\",\"target\":[\"https:\\\/\\\/www.leslundisdhortense.be\\\/nl\\\/over\\\/\"]}]},{\"@type\":\"BreadcrumbList\",\"@id\":\"https:\\\/\\\/www.leslundisdhortense.be\\\/nl\\\/over\\\/#breadcrumb\",\"itemListElement\":[{\"@type\":\"ListItem\",\"position\":1,\"name\":\"Accueil\",\"item\":\"https:\\\/\\\/www.leslundisdhortense.be\\\/nl\\\/\"},{\"@type\":\"ListItem\",\"position\":2,\"name\":\"Over\"}]},{\"@type\":\"WebSite\",\"@id\":\"https:\\\/\\\/www.leslundisdhortense.be\\\/nl\\\/#website\",\"url\":\"https:\\\/\\\/www.leslundisdhortense.be\\\/nl\\\/\",\"name\":\"Les Lundis d'Hortense\",\"description\":\"C&#039;est du jazz belge\",\"publisher\":{\"@id\":\"https:\\\/\\\/www.leslundisdhortense.be\\\/nl\\\/#organization\"},\"potentialAction\":[{\"@type\":\"SearchAction\",\"target\":{\"@type\":\"EntryPoint\",\"urlTemplate\":\"https:\\\/\\\/www.leslundisdhortense.be\\\/nl\\\/?s={search_term_string}\"},\"query-input\":{\"@type\":\"PropertyValueSpecification\",\"valueRequired\":true,\"valueName\":\"search_term_string\"}}],\"inLanguage\":\"nl-NL\"},{\"@type\":\"Organization\",\"@id\":\"https:\\\/\\\/www.leslundisdhortense.be\\\/nl\\\/#organization\",\"name\":\"Les Lundis d'Hortense\",\"url\":\"https:\\\/\\\/www.leslundisdhortense.be\\\/nl\\\/\",\"logo\":{\"@type\":\"ImageObject\",\"inLanguage\":\"nl-NL\",\"@id\":\"https:\\\/\\\/www.leslundisdhortense.be\\\/nl\\\/#\\\/schema\\\/logo\\\/image\\\/\",\"url\":\"https:\\\/\\\/www.leslundisdhortense.be\\\/wp-content\\\/uploads\\\/2022\\\/12\\\/LDH-logo-negatif-couleur.jpg\",\"contentUrl\":\"https:\\\/\\\/www.leslundisdhortense.be\\\/wp-content\\\/uploads\\\/2022\\\/12\\\/LDH-logo-negatif-couleur.jpg\",\"width\":2048,\"height\":2185,\"caption\":\"Les Lundis d'Hortense\"},\"image\":{\"@id\":\"https:\\\/\\\/www.leslundisdhortense.be\\\/nl\\\/#\\\/schema\\\/logo\\\/image\\\/\"},\"sameAs\":[\"https:\\\/\\\/www.facebook.com\\\/leslundisdhortense\",\"https:\\\/\\\/x.com\\\/lundisdhortense\",\"https:\\\/\\\/www.instagram.com\\\/leslundisdhortense\\\/\",\"https:\\\/\\\/www.youtube.com\\\/channel\\\/UCrpzRDMAiXU1t-ExuavTmhA\"]}]}<\/script>\n<!-- \/ Yoast SEO plugin. -->","yoast_head_json":{"title":"Over - Les Lundis d&#039;Hortense","robots":{"index":"index","follow":"follow","max-snippet":"max-snippet:-1","max-image-preview":"max-image-preview:large","max-video-preview":"max-video-preview:-1"},"canonical":"https:\/\/www.leslundisdhortense.be\/nl\/over\/","og_locale":"nl_NL","og_type":"article","og_title":"Over - Les Lundis d&#039;Hortense","og_description":"[vc_row row_height_percent=&#8221;0&#8243; override_padding=&#8221;yes&#8221; h_padding=&#8221;2&#8243; top_padding=&#8221;5&#8243; bottom_padding=&#8221;5&#8243; overlay_alpha=&#8221;100&#8243; gutter_size=&#8221;100&#8243; shift_y=&#8221;0&#8243; style=&#8221;inherited&#8221;][vc_column column_width_use_pixel=&#8221;yes&#8221; align_horizontal=&#8221;align_center&#8221; gutter_size=&#8221;4&#8243; overlay_alpha=&#8221;100&#8243; shift_x=&#8221;0&#8243; shift_y=&#8221;0&#8243; shift_y_down=&#8221;0&#8243; z_index=&#8221;0&#8243; medium_width=&#8221;0&#8243; mobile_width=&#8221;0&#8243; [&hellip;]","og_url":"https:\/\/www.leslundisdhortense.be\/nl\/over\/","og_site_name":"Les Lundis d&#039;Hortense","article_publisher":"https:\/\/www.facebook.com\/leslundisdhortense","article_modified_time":"2026-02-23T18:10:00+00:00","og_image":[{"width":1200,"height":630,"url":"https:\/\/www.leslundisdhortense.be\/wp-content\/uploads\/2019\/08\/share-img.png","type":"image\/png"}],"twitter_card":"summary_large_image","twitter_site":"@lundisdhortense","twitter_misc":{"Geschatte leestijd":"4 minuten"},"schema":{"@context":"https:\/\/schema.org","@graph":[{"@type":"WebPage","@id":"https:\/\/www.leslundisdhortense.be\/nl\/over\/","url":"https:\/\/www.leslundisdhortense.be\/nl\/over\/","name":"Over - Les Lundis d&#039;Hortense","isPartOf":{"@id":"https:\/\/www.leslundisdhortense.be\/nl\/#website"},"datePublished":"2014-12-11T16:50:51+00:00","dateModified":"2026-02-23T18:10:00+00:00","breadcrumb":{"@id":"https:\/\/www.leslundisdhortense.be\/nl\/over\/#breadcrumb"},"inLanguage":"nl-NL","potentialAction":[{"@type":"ReadAction","target":["https:\/\/www.leslundisdhortense.be\/nl\/over\/"]}]},{"@type":"BreadcrumbList","@id":"https:\/\/www.leslundisdhortense.be\/nl\/over\/#breadcrumb","itemListElement":[{"@type":"ListItem","position":1,"name":"Accueil","item":"https:\/\/www.leslundisdhortense.be\/nl\/"},{"@type":"ListItem","position":2,"name":"Over"}]},{"@type":"WebSite","@id":"https:\/\/www.leslundisdhortense.be\/nl\/#website","url":"https:\/\/www.leslundisdhortense.be\/nl\/","name":"Les Lundis d'Hortense","description":"C&#039;est du jazz belge","publisher":{"@id":"https:\/\/www.leslundisdhortense.be\/nl\/#organization"},"potentialAction":[{"@type":"SearchAction","target":{"@type":"EntryPoint","urlTemplate":"https:\/\/www.leslundisdhortense.be\/nl\/?s={search_term_string}"},"query-input":{"@type":"PropertyValueSpecification","valueRequired":true,"valueName":"search_term_string"}}],"inLanguage":"nl-NL"},{"@type":"Organization","@id":"https:\/\/www.leslundisdhortense.be\/nl\/#organization","name":"Les Lundis d'Hortense","url":"https:\/\/www.leslundisdhortense.be\/nl\/","logo":{"@type":"ImageObject","inLanguage":"nl-NL","@id":"https:\/\/www.leslundisdhortense.be\/nl\/#\/schema\/logo\/image\/","url":"https:\/\/www.leslundisdhortense.be\/wp-content\/uploads\/2022\/12\/LDH-logo-negatif-couleur.jpg","contentUrl":"https:\/\/www.leslundisdhortense.be\/wp-content\/uploads\/2022\/12\/LDH-logo-negatif-couleur.jpg","width":2048,"height":2185,"caption":"Les Lundis d'Hortense"},"image":{"@id":"https:\/\/www.leslundisdhortense.be\/nl\/#\/schema\/logo\/image\/"},"sameAs":["https:\/\/www.facebook.com\/leslundisdhortense","https:\/\/x.com\/lundisdhortense","https:\/\/www.instagram.com\/leslundisdhortense\/","https:\/\/www.youtube.com\/channel\/UCrpzRDMAiXU1t-ExuavTmhA"]}]}},"_links":{"self":[{"href":"https:\/\/www.leslundisdhortense.be\/nl\/wp-json\/wp\/v2\/pages\/83290","targetHints":{"allow":["GET"]}}],"collection":[{"href":"https:\/\/www.leslundisdhortense.be\/nl\/wp-json\/wp\/v2\/pages"}],"about":[{"href":"https:\/\/www.leslundisdhortense.be\/nl\/wp-json\/wp\/v2\/types\/page"}],"author":[{"embeddable":true,"href":"https:\/\/www.leslundisdhortense.be\/nl\/wp-json\/wp\/v2\/users\/1"}],"replies":[{"embeddable":true,"href":"https:\/\/www.leslundisdhortense.be\/nl\/wp-json\/wp\/v2\/comments?post=83290"}],"version-history":[{"count":11,"href":"https:\/\/www.leslundisdhortense.be\/nl\/wp-json\/wp\/v2\/pages\/83290\/revisions"}],"predecessor-version":[{"id":131740,"href":"https:\/\/www.leslundisdhortense.be\/nl\/wp-json\/wp\/v2\/pages\/83290\/revisions\/131740"}],"wp:attachment":[{"href":"https:\/\/www.leslundisdhortense.be\/nl\/wp-json\/wp\/v2\/media?parent=83290"}],"curies":[{"name":"wp","href":"https:\/\/api.w.org\/{rel}","templated":true}]}}